{"id":488,"date":"2023-02-13T08:32:53","date_gmt":"2023-02-13T06:32:53","guid":{"rendered":"https:\/\/mia4ue.iforward.eu\/?page_id=488"},"modified":"2026-02-05T15:37:21","modified_gmt":"2026-02-05T13:37:21","slug":"integrare-in-ue","status":"publish","type":"page","link":"https:\/\/maisigurinue.md\/ro\/integrare-in-ue\/","title":{"rendered":"Integrare-in-ue"},"content":{"rendered":"<style>\/*! elementor - v3.10.2 - 29-01-2023 *\/\n.elementor-heading-title{padding:0;margin:0;line-height:1}.elementor-widget-heading .elementor-heading-title[class*=elementor-size-]>a{color:inherit;font-size:inherit;line-height:inherit}.elementor-widget-heading .elementor-heading-title.elementor-size-small{font-size:15px}.elementor-widget-heading .elementor-heading-title.elementor-size-medium{font-size:19px}.elementor-widget-heading .elementor-heading-title.elementor-size-large{font-size:29px}.elementor-widget-heading .elementor-heading-title.elementor-size-xl{font-size:39px}.elementor-widget-heading .elementor-heading-title.elementor-size-xxl{font-size:59px}<\/style>\n<h2>Integrare \u00een Uniunea European\u0103<\/h2>\n<p>Pe data de 4 martie 2022, Republica Moldova a depus oficial cererea de aderare la Uniunea European\u0103. Consiliul Uniunii Europene a invitat Comisia European\u0103 s\u0103 prezinte avizul s\u0103u privind cererea Republicii Moldova, ca prim pas al Uniunii Europene \u00een procesul de aderare.<\/p>\n<p>La 17 iunie 2022, Comisidea European\u0103 a emis avizul cu privire la cererea de aderare prin care a recomandat Consiliului UE s\u0103 i se acorde \u021b\u0103rii noastre statutul de candidat.<\/p>\n<p>La 23 iunie 2022, Consiliul European a recunoscut perspectiva european\u0103 a Republicii Moldova \u0219i a decis s\u0103-i acorde statutul de \u021bar\u0103 candidat\u0103 pentru aderare la Uniunea European\u0103.<\/p>\n<p><a href=\"https:\/\/mia4ue.iforward.eu\/comisia-mai-de-integrare-in-uniunea-europeana\/\" target=\"\" rel=\"noopener\">Comisia MAI de Integrare \u00een Uniunea European\u0103 <\/a><\/p>\n<p><a href=\"https:\/\/mia4ue.iforward.eu\/wp-content\/uploads\/2023\/02\/Foaia-de-parcurs-MAI_UE_2023_updated-on-27.01.23-final.pdf\">Foaia de parcurs<\/a><\/p>\n","protected":false},"excerpt":{"rendered":"<p>Integrare \u00een Uniunea European\u0103 Pe data de 4 martie 2022, Republica Moldova a depus oficial cererea de aderare la Uniunea European\u0103. Consiliul Uniunii Europene a invitat Comisia European\u0103 s\u0103 prezinte avizul s\u0103u privind cererea Republicii Moldova, ca prim pas al Uniunii Europene \u00een procesul de aderare. La 17 iunie 2022, Comisidea European\u0103 a emis avizul [&hellip;]<\/p>\n","protected":false},"author":1,"featured_media":0,"parent":0,"menu_order":0,"comment_status":"closed","ping_status":"closed","template":"","meta":{"ocean_post_layout":"","ocean_both_sidebars_style":"","ocean_both_sidebars_content_width":0,"ocean_both_sidebars_sidebars_width":0,"ocean_sidebar":"0","ocean_second_sidebar":"0","ocean_disable_margins":"enable","ocean_add_body_class":"","ocean_shortcode_before_top_bar":"","ocean_shortcode_after_top_bar":"","ocean_shortcode_before_header":"","ocean_shortcode_after_header":"","ocean_has_shortcode":"","ocean_shortcode_after_title":"","ocean_shortcode_before_footer_widgets":"","ocean_shortcode_after_footer_widgets":"","ocean_shortcode_before_footer_bottom":"","ocean_shortcode_after_footer_bottom":"","ocean_display_top_bar":"default","ocean_display_header":"default","ocean_header_style":"","ocean_center_header_left_menu":"0","ocean_custom_header_template":"0","ocean_custom_logo":0,"ocean_custom_retina_logo":0,"ocean_custom_logo_max_width":0,"ocean_custom_logo_tablet_max_width":0,"ocean_custom_logo_mobile_max_width":0,"ocean_custom_logo_max_height":0,"ocean_custom_logo_tablet_max_height":0,"ocean_custom_logo_mobile_max_height":0,"ocean_header_custom_menu":"0","ocean_menu_typo_font_family":"0","ocean_menu_typo_font_subset":"","ocean_menu_typo_font_size":0,"ocean_menu_typo_font_size_tablet":0,"ocean_menu_typo_font_size_mobile":0,"ocean_menu_typo_font_size_unit":"px","ocean_menu_typo_font_weight":"","ocean_menu_typo_font_weight_tablet":"","ocean_menu_typo_font_weight_mobile":"","ocean_menu_typo_transform":"","ocean_menu_typo_transform_tablet":"","ocean_menu_typo_transform_mobile":"","ocean_menu_typo_line_height":0,"ocean_menu_typo_line_height_tablet":0,"ocean_menu_typo_line_height_mobile":0,"ocean_menu_typo_line_height_unit":"","ocean_menu_typo_spacing":0,"ocean_menu_typo_spacing_tablet":0,"ocean_menu_typo_spacing_mobile":0,"ocean_menu_typo_spacing_unit":"","ocean_menu_link_color":"","ocean_menu_link_color_hover":"","ocean_menu_link_color_active":"","ocean_menu_link_background":"","ocean_menu_link_hover_background":"","ocean_menu_link_active_background":"","ocean_menu_social_links_bg":"","ocean_menu_social_hover_links_bg":"","ocean_menu_social_links_color":"","ocean_menu_social_hover_links_color":"","ocean_disable_title":"default","ocean_disable_heading":"default","ocean_post_title":"","ocean_post_subheading":"","ocean_post_title_style":"","ocean_post_title_background_color":"","ocean_post_title_background":0,"ocean_post_title_bg_image_position":"","ocean_post_title_bg_image_attachment":"","ocean_post_title_bg_image_repeat":"","ocean_post_title_bg_image_size":"","ocean_post_title_height":0,"ocean_post_title_bg_overlay":0.5,"ocean_post_title_bg_overlay_color":"","ocean_disable_breadcrumbs":"default","ocean_breadcrumbs_color":"","ocean_breadcrumbs_separator_color":"","ocean_breadcrumbs_links_color":"","ocean_breadcrumbs_links_hover_color":"","ocean_display_footer_widgets":"default","ocean_display_footer_bottom":"default","ocean_custom_footer_template":"0","footnotes":""},"class_list":["post-488","page","type-page","status-publish","hentry","entry"],"_links":{"self":[{"href":"https:\/\/maisigurinue.md\/ro\/wp-json\/wp\/v2\/pages\/488","targetHints":{"allow":["GET"]}}],"collection":[{"href":"https:\/\/maisigurinue.md\/ro\/wp-json\/wp\/v2\/pages"}],"about":[{"href":"https:\/\/maisigurinue.md\/ro\/wp-json\/wp\/v2\/types\/page"}],"author":[{"embeddable":true,"href":"https:\/\/maisigurinue.md\/ro\/wp-json\/wp\/v2\/users\/1"}],"replies":[{"embeddable":true,"href":"https:\/\/maisigurinue.md\/ro\/wp-json\/wp\/v2\/comments?post=488"}],"version-history":[{"count":7,"href":"https:\/\/maisigurinue.md\/ro\/wp-json\/wp\/v2\/pages\/488\/revisions"}],"predecessor-version":[{"id":516,"href":"https:\/\/maisigurinue.md\/ro\/wp-json\/wp\/v2\/pages\/488\/revisions\/516"}],"wp:attachment":[{"href":"https:\/\/maisigurinue.md\/ro\/wp-json\/wp\/v2\/media?parent=488"}],"curies":[{"name":"wp","href":"https:\/\/api.w.org\/{rel}","templated":true}]}}