{"id":222,"date":"2023-02-10T02:30:27","date_gmt":"2023-02-10T00:30:27","guid":{"rendered":"https:\/\/mia4ue.iforward.eu\/?page_id=222"},"modified":"2023-03-02T19:31:40","modified_gmt":"2023-03-02T17:31:40","slug":"noutati","status":"publish","type":"page","link":"https:\/\/maisigurinue.md\/ro\/noutati\/","title":{"rendered":"Nout\u0103\u021bi"},"content":{"rendered":"\t\t<div data-elementor-type=\"wp-page\" data-elementor-id=\"222\" class=\"elementor elementor-222\" data-elementor-post-type=\"page\">\n\t\t\t\t\t\t<section class=\"elementor-section elementor-top-section elementor-element elementor-element-735379a elementor-section-full_width elementor-section-height-default elementor-section-height-default\" data-id=\"735379a\" data-element_type=\"section\" data-e-type=\"section\">\n\t\t\t\t\t\t<div class=\"elementor-container elementor-column-gap-no\">\n\t\t\t\t\t<div class=\"elementor-column elementor-col-100 elementor-top-column elementor-element elementor-element-de93885\" data-id=\"de93885\" data-element_type=\"column\" data-e-type=\"column\">\n\t\t\t<div class=\"elementor-widget-wrap elementor-element-populated\">\n\t\t\t\t\t\t<div class=\"elementor-element elementor-element-dbb3a67 elementor-grid-2 elementor-grid-tablet-2 elementor-grid-mobile-1 elementor-posts--thumbnail-top elementor-widget elementor-widget-posts\" data-id=\"dbb3a67\" data-element_type=\"widget\" data-e-type=\"widget\" data-settings=\"{&quot;classic_columns&quot;:&quot;2&quot;,&quot;pagination_type&quot;:&quot;numbers_and_prev_next&quot;,&quot;classic_row_gap&quot;:{&quot;unit&quot;:&quot;px&quot;,&quot;size&quot;:15,&quot;sizes&quot;:[]},&quot;classic_columns_tablet&quot;:&quot;2&quot;,&quot;classic_columns_mobile&quot;:&quot;1&quot;,&quot;classic_row_gap_tablet&quot;:{&quot;unit&quot;:&quot;px&quot;,&quot;size&quot;:&quot;&quot;,&quot;sizes&quot;:[]},&quot;classic_row_gap_mobile&quot;:{&quot;unit&quot;:&quot;px&quot;,&quot;size&quot;:&quot;&quot;,&quot;sizes&quot;:[]}}\" data-widget_type=\"posts.classic\">\n\t\t\t\t<div class=\"elementor-widget-container\">\n\t\t\t\t\t\t\t<div class=\"elementor-posts-container elementor-posts elementor-posts--skin-classic elementor-grid\">\n\t\t\t\t<article class=\"elementor-post elementor-grid-item post-12173 post type-post status-publish format-standard has-post-thumbnail hentry category-uncategorized-ro entry has-media\">\n\t\t\t\t<a class=\"elementor-post__thumbnail__link\" href=\"https:\/\/maisigurinue.md\/ro\/cooperare-si-actiuni-comune-in-prevenirea-consumului-si-combaterea-traficului-ilicit-de-droguri\/\" tabindex=\"-1\" >\n\t\t\t<div class=\"elementor-post__thumbnail\"><img fetchpriority=\"high\" decoding=\"async\" width=\"2560\" height=\"1707\" src=\"https:\/\/maisigurinue.md\/wp-content\/uploads\/2026\/04\/1000218256-scaled.jpg\" class=\"attachment-full size-full wp-image-12163\" alt=\"\" srcset=\"https:\/\/maisigurinue.md\/wp-content\/uploads\/2026\/04\/1000218256-scaled.jpg 2560w, https:\/\/maisigurinue.md\/wp-content\/uploads\/2026\/04\/1000218256-300x200.jpg 300w, https:\/\/maisigurinue.md\/wp-content\/uploads\/2026\/04\/1000218256-1024x683.jpg 1024w, https:\/\/maisigurinue.md\/wp-content\/uploads\/2026\/04\/1000218256-768x512.jpg 768w, https:\/\/maisigurinue.md\/wp-content\/uploads\/2026\/04\/1000218256-1536x1024.jpg 1536w, https:\/\/maisigurinue.md\/wp-content\/uploads\/2026\/04\/1000218256-2048x1365.jpg 2048w\" sizes=\"(max-width: 2560px) 100vw, 2560px\" \/><\/div>\n\t\t<\/a>\n\t\t\t\t<div class=\"elementor-post__text\">\n\t\t\t\t<h3 class=\"elementor-post__title\">\n\t\t\t<a href=\"https:\/\/maisigurinue.md\/ro\/cooperare-si-actiuni-comune-in-prevenirea-consumului-si-combaterea-traficului-ilicit-de-droguri\/\" >\n\t\t\t\tCooperare \u0219i ac\u021biuni comune \u00een prevenirea consumului \u0219i combaterea traficului ilicit de droguri\t\t\t<\/a>\n\t\t<\/h3>\n\t\t\t\t<div class=\"elementor-post__meta-data\">\n\t\t\t\t\t<span class=\"elementor-post-date\">\n\t\t\t16.04.2026\t\t<\/span>\n\t\t\t\t<\/div>\n\t\t\t\t<\/div>\n\t\t\t\t<\/article>\n\t\t\t\t<article class=\"elementor-post elementor-grid-item post-12150 post type-post status-publish format-standard has-post-thumbnail hentry category-uncategorized-ro entry has-media\">\n\t\t\t\t<a class=\"elementor-post__thumbnail__link\" href=\"https:\/\/maisigurinue.md\/ro\/procedura-de-notificare-a-activitatilor-in-zona-de-frontiera-va-fi-digitalizata\/\" tabindex=\"-1\" >\n\t\t\t<div class=\"elementor-post__thumbnail\"><img decoding=\"async\" width=\"2500\" height=\"1667\" src=\"https:\/\/maisigurinue.md\/wp-content\/uploads\/2026\/04\/20260415-_ES24296.jpg\" class=\"attachment-full size-full wp-image-12153\" alt=\"\" srcset=\"https:\/\/maisigurinue.md\/wp-content\/uploads\/2026\/04\/20260415-_ES24296.jpg 2500w, https:\/\/maisigurinue.md\/wp-content\/uploads\/2026\/04\/20260415-_ES24296-300x200.jpg 300w, https:\/\/maisigurinue.md\/wp-content\/uploads\/2026\/04\/20260415-_ES24296-1024x683.jpg 1024w, https:\/\/maisigurinue.md\/wp-content\/uploads\/2026\/04\/20260415-_ES24296-768x512.jpg 768w, https:\/\/maisigurinue.md\/wp-content\/uploads\/2026\/04\/20260415-_ES24296-1536x1024.jpg 1536w, https:\/\/maisigurinue.md\/wp-content\/uploads\/2026\/04\/20260415-_ES24296-2048x1366.jpg 2048w\" sizes=\"(max-width: 2500px) 100vw, 2500px\" \/><\/div>\n\t\t<\/a>\n\t\t\t\t<div class=\"elementor-post__text\">\n\t\t\t\t<h3 class=\"elementor-post__title\">\n\t\t\t<a href=\"https:\/\/maisigurinue.md\/ro\/procedura-de-notificare-a-activitatilor-in-zona-de-frontiera-va-fi-digitalizata\/\" >\n\t\t\t\tProcedura de notificare a activit\u0103\u021bilor \u00een zona de frontier\u0103 va fi digitalizat\u0103\t\t\t<\/a>\n\t\t<\/h3>\n\t\t\t\t<div class=\"elementor-post__meta-data\">\n\t\t\t\t\t<span class=\"elementor-post-date\">\n\t\t\t16.04.2026\t\t<\/span>\n\t\t\t\t<\/div>\n\t\t\t\t<\/div>\n\t\t\t\t<\/article>\n\t\t\t\t<article class=\"elementor-post elementor-grid-item post-12148 post type-post status-publish format-standard has-post-thumbnail hentry category-uncategorized-ro entry has-media\">\n\t\t\t\t<a class=\"elementor-post__thumbnail__link\" href=\"https:\/\/maisigurinue.md\/ro\/mai-multa-siguranta-pentru-copii-prin-interventii-mai-clare-si-mai-bine-coordonate\/\" tabindex=\"-1\" >\n\t\t\t<div class=\"elementor-post__thumbnail\"><img decoding=\"async\" width=\"2560\" height=\"1708\" src=\"https:\/\/maisigurinue.md\/wp-content\/uploads\/2026\/04\/WhatsApp-Image-2026-04-15-at-11.05.07.jpeg\" class=\"attachment-full size-full wp-image-12144\" alt=\"\" srcset=\"https:\/\/maisigurinue.md\/wp-content\/uploads\/2026\/04\/WhatsApp-Image-2026-04-15-at-11.05.07.jpeg 2560w, https:\/\/maisigurinue.md\/wp-content\/uploads\/2026\/04\/WhatsApp-Image-2026-04-15-at-11.05.07-300x200.jpeg 300w, https:\/\/maisigurinue.md\/wp-content\/uploads\/2026\/04\/WhatsApp-Image-2026-04-15-at-11.05.07-1024x683.jpeg 1024w, https:\/\/maisigurinue.md\/wp-content\/uploads\/2026\/04\/WhatsApp-Image-2026-04-15-at-11.05.07-768x512.jpeg 768w, https:\/\/maisigurinue.md\/wp-content\/uploads\/2026\/04\/WhatsApp-Image-2026-04-15-at-11.05.07-1536x1025.jpeg 1536w, https:\/\/maisigurinue.md\/wp-content\/uploads\/2026\/04\/WhatsApp-Image-2026-04-15-at-11.05.07-2048x1366.jpeg 2048w\" sizes=\"(max-width: 2560px) 100vw, 2560px\" \/><\/div>\n\t\t<\/a>\n\t\t\t\t<div class=\"elementor-post__text\">\n\t\t\t\t<h3 class=\"elementor-post__title\">\n\t\t\t<a href=\"https:\/\/maisigurinue.md\/ro\/mai-multa-siguranta-pentru-copii-prin-interventii-mai-clare-si-mai-bine-coordonate\/\" >\n\t\t\t\tMai mult\u0103 siguran\u021b\u0103 pentru copii, prin interven\u021bii mai clare \u0219i mai bine coordonate\t\t\t<\/a>\n\t\t<\/h3>\n\t\t\t\t<div class=\"elementor-post__meta-data\">\n\t\t\t\t\t<span class=\"elementor-post-date\">\n\t\t\t16.04.2026\t\t<\/span>\n\t\t\t\t<\/div>\n\t\t\t\t<\/div>\n\t\t\t\t<\/article>\n\t\t\t\t<article class=\"elementor-post elementor-grid-item post-12115 post type-post status-publish format-standard has-post-thumbnail hentry category-uncategorized-ro entry has-media\">\n\t\t\t\t<a class=\"elementor-post__thumbnail__link\" href=\"https:\/\/maisigurinue.md\/ro\/mai-multa-precizie-in-investigatii-laboratorul-adn-accelereaza-cauzelor-penale\/\" tabindex=\"-1\" >\n\t\t\t<div class=\"elementor-post__thumbnail\"><img loading=\"lazy\" decoding=\"async\" width=\"2560\" height=\"1707\" src=\"https:\/\/maisigurinue.md\/wp-content\/uploads\/2026\/04\/HL8A8983-scaled.jpg\" class=\"attachment-full size-full wp-image-12116\" alt=\"\" srcset=\"https:\/\/maisigurinue.md\/wp-content\/uploads\/2026\/04\/HL8A8983-scaled.jpg 2560w, https:\/\/maisigurinue.md\/wp-content\/uploads\/2026\/04\/HL8A8983-300x200.jpg 300w, https:\/\/maisigurinue.md\/wp-content\/uploads\/2026\/04\/HL8A8983-1024x683.jpg 1024w, https:\/\/maisigurinue.md\/wp-content\/uploads\/2026\/04\/HL8A8983-768x512.jpg 768w, https:\/\/maisigurinue.md\/wp-content\/uploads\/2026\/04\/HL8A8983-1536x1024.jpg 1536w, https:\/\/maisigurinue.md\/wp-content\/uploads\/2026\/04\/HL8A8983-2048x1365.jpg 2048w\" sizes=\"(max-width: 2560px) 100vw, 2560px\" \/><\/div>\n\t\t<\/a>\n\t\t\t\t<div class=\"elementor-post__text\">\n\t\t\t\t<h3 class=\"elementor-post__title\">\n\t\t\t<a href=\"https:\/\/maisigurinue.md\/ro\/mai-multa-precizie-in-investigatii-laboratorul-adn-accelereaza-cauzelor-penale\/\" >\n\t\t\t\tMai mult\u0103 precizie \u00een investiga\u021bii: laboratorul ADN accelereaz\u0103 cauzelor penale\t\t\t<\/a>\n\t\t<\/h3>\n\t\t\t\t<div class=\"elementor-post__meta-data\">\n\t\t\t\t\t<span class=\"elementor-post-date\">\n\t\t\t14.04.2026\t\t<\/span>\n\t\t\t\t<\/div>\n\t\t\t\t<\/div>\n\t\t\t\t<\/article>\n\t\t\t\t<article class=\"elementor-post elementor-grid-item post-12070 post type-post status-publish format-standard has-post-thumbnail hentry category-uncategorized-ro entry has-media\">\n\t\t\t\t<a class=\"elementor-post__thumbnail__link\" href=\"https:\/\/maisigurinue.md\/ro\/republica-moldova-si-lituania-parteneriat-pentru-securitate-si-servicii-moderne\/\" tabindex=\"-1\" >\n\t\t\t<div class=\"elementor-post__thumbnail\"><img loading=\"lazy\" decoding=\"async\" width=\"2560\" height=\"1707\" src=\"https:\/\/maisigurinue.md\/wp-content\/uploads\/2026\/04\/HL8A8822-scaled.png\" class=\"attachment-full size-full wp-image-12071\" alt=\"\" srcset=\"https:\/\/maisigurinue.md\/wp-content\/uploads\/2026\/04\/HL8A8822-scaled.png 2560w, https:\/\/maisigurinue.md\/wp-content\/uploads\/2026\/04\/HL8A8822-300x200.png 300w, https:\/\/maisigurinue.md\/wp-content\/uploads\/2026\/04\/HL8A8822-1024x683.png 1024w, https:\/\/maisigurinue.md\/wp-content\/uploads\/2026\/04\/HL8A8822-768x512.png 768w, https:\/\/maisigurinue.md\/wp-content\/uploads\/2026\/04\/HL8A8822-1536x1024.png 1536w, https:\/\/maisigurinue.md\/wp-content\/uploads\/2026\/04\/HL8A8822-2048x1365.png 2048w\" sizes=\"(max-width: 2560px) 100vw, 2560px\" \/><\/div>\n\t\t<\/a>\n\t\t\t\t<div class=\"elementor-post__text\">\n\t\t\t\t<h3 class=\"elementor-post__title\">\n\t\t\t<a href=\"https:\/\/maisigurinue.md\/ro\/republica-moldova-si-lituania-parteneriat-pentru-securitate-si-servicii-moderne\/\" >\n\t\t\t\tRepublica Moldova \u0219i Lituania: Parteneriat pentru securitate \u0219i servicii moderne\t\t\t<\/a>\n\t\t<\/h3>\n\t\t\t\t<div class=\"elementor-post__meta-data\">\n\t\t\t\t\t<span class=\"elementor-post-date\">\n\t\t\t10.04.2026\t\t<\/span>\n\t\t\t\t<\/div>\n\t\t\t\t<\/div>\n\t\t\t\t<\/article>\n\t\t\t\t<article class=\"elementor-post elementor-grid-item post-12068 post type-post status-publish format-standard has-post-thumbnail hentry category-uncategorized-ro entry has-media\">\n\t\t\t\t<a class=\"elementor-post__thumbnail__link\" href=\"https:\/\/maisigurinue.md\/ro\/mobilitate-si-siguranta-igp-a-fost-dotat-cu-6-sectoare-mobile-si-autospeciale-noi\/\" tabindex=\"-1\" >\n\t\t\t<div class=\"elementor-post__thumbnail\"><img loading=\"lazy\" decoding=\"async\" width=\"2560\" height=\"1707\" src=\"https:\/\/maisigurinue.md\/wp-content\/uploads\/2026\/04\/NW0A9253-scaled.jpg\" class=\"attachment-full size-full wp-image-12048\" alt=\"\" srcset=\"https:\/\/maisigurinue.md\/wp-content\/uploads\/2026\/04\/NW0A9253-scaled.jpg 2560w, https:\/\/maisigurinue.md\/wp-content\/uploads\/2026\/04\/NW0A9253-300x200.jpg 300w, https:\/\/maisigurinue.md\/wp-content\/uploads\/2026\/04\/NW0A9253-1024x683.jpg 1024w, https:\/\/maisigurinue.md\/wp-content\/uploads\/2026\/04\/NW0A9253-768x512.jpg 768w, https:\/\/maisigurinue.md\/wp-content\/uploads\/2026\/04\/NW0A9253-1536x1024.jpg 1536w, https:\/\/maisigurinue.md\/wp-content\/uploads\/2026\/04\/NW0A9253-2048x1365.jpg 2048w\" sizes=\"(max-width: 2560px) 100vw, 2560px\" \/><\/div>\n\t\t<\/a>\n\t\t\t\t<div class=\"elementor-post__text\">\n\t\t\t\t<h3 class=\"elementor-post__title\">\n\t\t\t<a href=\"https:\/\/maisigurinue.md\/ro\/mobilitate-si-siguranta-igp-a-fost-dotat-cu-6-sectoare-mobile-si-autospeciale-noi\/\" >\n\t\t\t\tMobilitate \u0219i siguran\u021b\u0103: IGP a fost dotat cu 6 sectoare mobile \u0219i autospeciale noi\t\t\t<\/a>\n\t\t<\/h3>\n\t\t\t\t<div class=\"elementor-post__meta-data\">\n\t\t\t\t\t<span class=\"elementor-post-date\">\n\t\t\t10.04.2026\t\t<\/span>\n\t\t\t\t<\/div>\n\t\t\t\t<\/div>\n\t\t\t\t<\/article>\n\t\t\t\t<\/div>\n\t\t\n\t\t\t\t<div class=\"e-load-more-anchor\" data-page=\"1\" data-max-page=\"112\" data-next-page=\"https:\/\/maisigurinue.md\/ro\/wp-json\/wp\/v2\/pages\/222\/page\/2\/\"><\/div>\n\t\t\t\t<nav class=\"elementor-pagination\" aria-label=\"Pagination\">\n\t\t\t<span class=\"page-numbers prev\">&laquo; Anterior<\/span>\n<span aria-current=\"page\" class=\"page-numbers current\"><span class=\"elementor-screen-only\">Page<\/span>1<\/span>\n<a class=\"page-numbers\" href=\"https:\/\/maisigurinue.md\/ro\/wp-json\/wp\/v2\/pages\/222\/page\/2\/\"><span class=\"elementor-screen-only\">Page<\/span>2<\/a>\n<a class=\"page-numbers\" href=\"https:\/\/maisigurinue.md\/ro\/wp-json\/wp\/v2\/pages\/222\/page\/3\/\"><span class=\"elementor-screen-only\">Page<\/span>3<\/a>\n<span class=\"page-numbers dots\">&hellip;<\/span>\n<a class=\"page-numbers\" href=\"https:\/\/maisigurinue.md\/ro\/wp-json\/wp\/v2\/pages\/222\/page\/112\/\"><span class=\"elementor-screen-only\">Page<\/span>112<\/a>\n<a class=\"page-numbers next\" href=\"https:\/\/maisigurinue.md\/ro\/wp-json\/wp\/v2\/pages\/222\/page\/2\/\">Urm\u0103tor &raquo;<\/a>\t\t<\/nav>\n\t\t\t\t\t\t<\/div>\n\t\t\t\t<\/div>\n\t\t\t\t\t<\/div>\n\t\t<\/div>\n\t\t\t\t\t<\/div>\n\t\t<\/section>\n\t\t\t\t<\/div>\n\t\t","protected":false},"excerpt":{"rendered":"","protected":false},"author":1,"featured_media":0,"parent":0,"menu_order":0,"comment_status":"closed","ping_status":"closed","template":"","meta":{"ocean_post_layout":"","ocean_both_sidebars_style":"","ocean_both_sidebars_content_width":0,"ocean_both_sidebars_sidebars_width":0,"ocean_sidebar":"0","ocean_second_sidebar":"0","ocean_disable_margins":"enable","ocean_add_body_class":"","ocean_shortcode_before_top_bar":"","ocean_shortcode_after_top_bar":"","ocean_shortcode_before_header":"","ocean_shortcode_after_header":"","ocean_has_shortcode":"","ocean_shortcode_after_title":"","ocean_shortcode_before_footer_widgets":"","ocean_shortcode_after_footer_widgets":"","ocean_shortcode_before_footer_bottom":"","ocean_shortcode_after_footer_bottom":"","ocean_display_top_bar":"default","ocean_display_header":"default","ocean_header_style":"","ocean_center_header_left_menu":"0","ocean_custom_header_template":"0","ocean_custom_logo":0,"ocean_custom_retina_logo":0,"ocean_custom_logo_max_width":0,"ocean_custom_logo_tablet_max_width":0,"ocean_custom_logo_mobile_max_width":0,"ocean_custom_logo_max_height":0,"ocean_custom_logo_tablet_max_height":0,"ocean_custom_logo_mobile_max_height":0,"ocean_header_custom_menu":"0","ocean_menu_typo_font_family":"0","ocean_menu_typo_font_subset":"","ocean_menu_typo_font_size":0,"ocean_menu_typo_font_size_tablet":0,"ocean_menu_typo_font_size_mobile":0,"ocean_menu_typo_font_size_unit":"px","ocean_menu_typo_font_weight":"","ocean_menu_typo_font_weight_tablet":"","ocean_menu_typo_font_weight_mobile":"","ocean_menu_typo_transform":"","ocean_menu_typo_transform_tablet":"","ocean_menu_typo_transform_mobile":"","ocean_menu_typo_line_height":0,"ocean_menu_typo_line_height_tablet":0,"ocean_menu_typo_line_height_mobile":0,"ocean_menu_typo_line_height_unit":"","ocean_menu_typo_spacing":0,"ocean_menu_typo_spacing_tablet":0,"ocean_menu_typo_spacing_mobile":0,"ocean_menu_typo_spacing_unit":"","ocean_menu_link_color":"","ocean_menu_link_color_hover":"","ocean_menu_link_color_active":"","ocean_menu_link_background":"","ocean_menu_link_hover_background":"","ocean_menu_link_active_background":"","ocean_menu_social_links_bg":"","ocean_menu_social_hover_links_bg":"","ocean_menu_social_links_color":"","ocean_menu_social_hover_links_color":"","ocean_disable_title":"default","ocean_disable_heading":"default","ocean_post_title":"","ocean_post_subheading":"","ocean_post_title_style":"","ocean_post_title_background_color":"","ocean_post_title_background":0,"ocean_post_title_bg_image_position":"","ocean_post_title_bg_image_attachment":"","ocean_post_title_bg_image_repeat":"","ocean_post_title_bg_image_size":"","ocean_post_title_height":0,"ocean_post_title_bg_overlay":0.5,"ocean_post_title_bg_overlay_color":"","ocean_disable_breadcrumbs":"default","ocean_breadcrumbs_color":"","ocean_breadcrumbs_separator_color":"","ocean_breadcrumbs_links_color":"","ocean_breadcrumbs_links_hover_color":"","ocean_display_footer_widgets":"default","ocean_display_footer_bottom":"default","ocean_custom_footer_template":"0","footnotes":""},"class_list":["post-222","page","type-page","status-publish","hentry","entry","has-media"],"_links":{"self":[{"href":"https:\/\/maisigurinue.md\/ro\/wp-json\/wp\/v2\/pages\/222","targetHints":{"allow":["GET"]}}],"collection":[{"href":"https:\/\/maisigurinue.md\/ro\/wp-json\/wp\/v2\/pages"}],"about":[{"href":"https:\/\/maisigurinue.md\/ro\/wp-json\/wp\/v2\/types\/page"}],"author":[{"embeddable":true,"href":"https:\/\/maisigurinue.md\/ro\/wp-json\/wp\/v2\/users\/1"}],"replies":[{"embeddable":true,"href":"https:\/\/maisigurinue.md\/ro\/wp-json\/wp\/v2\/comments?post=222"}],"version-history":[{"count":19,"href":"https:\/\/maisigurinue.md\/ro\/wp-json\/wp\/v2\/pages\/222\/revisions"}],"predecessor-version":[{"id":1486,"href":"https:\/\/maisigurinue.md\/ro\/wp-json\/wp\/v2\/pages\/222\/revisions\/1486"}],"wp:attachment":[{"href":"https:\/\/maisigurinue.md\/ro\/wp-json\/wp\/v2\/media?parent=222"}],"curies":[{"name":"wp","href":"https:\/\/api.w.org\/{rel}","templated":true}]}}